{"id":21,"date":"2015-06-30T17:12:43","date_gmt":"2015-06-30T15:12:43","guid":{"rendered":"http:\/\/www.parafiakuligow.pl\/?page_id=21"},"modified":"2023-08-05T20:57:12","modified_gmt":"2023-08-05T18:57:12","slug":"kontakt","status":"publish","type":"page","link":"http:\/\/www.parafiakuligow.pl\/index.php\/kontakt\/","title":{"rendered":"Kontakt"},"content":{"rendered":"<p>Proboszcz Ks. J\u00f3zef Ka\u0142\u0119cki<br \/>\nul. Ko\u015bcielna 2<br \/>\n05-254 Kulig\u00f3w<\/p>\n<p><strong>tel.<\/strong>\u00a029\u00a0758\u00a000\u00a030<br \/>\n<strong>mail:<\/strong> kancelaria@parafiakuligow.pl<br \/>\nw sprawach pilnych: 503-162-291<\/p>\n<p>nr konta bankowego:<br \/>\nPolski Bank Sp\u00f3\u0142dzielczy w Wyszkowie 28 8931 0003 0100 8544 2006 0001<\/p>\n<p>Dojazd:<br \/>\n<iframe loading=\"lazy\" width=\"600\" height=\"450\" style=\"border: 0;\" src=\"https:\/\/www.google.com\/maps\/embed?pb=!1m18!1m12!1m3!1d4856.610198122732!2d21.179262999999988!3d52.5098174!2m3!1f0!2f0!3f0!3m2!1i1024!2i768!4f13.1!3m3!1m2!1s0x471ec1fad7e15dbb%3A0xd3a87a818adb7512!2sKo%C5%9Bcielna+2%2C+05-254+Kulig%C3%B3w!5e0!3m2!1spl!2spl!4v1436041680035\" allowfullscreen=\"allowfullscreen\" frameborder=\"0\"><\/iframe><\/p>\n","protected":false},"excerpt":{"rendered":"<p>Proboszcz Ks. J\u00f3zef Ka\u0142\u0119cki ul. Ko\u015bcielna 2 05-254 Kulig\u00f3w tel.\u00a029\u00a0758\u00a000\u00a030 mail: kancelaria@parafiakuligow.pl w sprawach pilnych: 503-162-291 nr konta bankowego: Polski Bank Sp\u00f3\u0142dzielczy w Wyszkowie 28 8931 0003 0100 8544 2006 0001 Dojazd:<\/p>\n","protected":false},"author":1,"featured_media":0,"parent":0,"menu_order":5,"comment_status":"closed","ping_status":"open","template":"","meta":[],"_links":{"self":[{"href":"http:\/\/www.parafiakuligow.pl\/index.php\/wp-json\/wp\/v2\/pages\/21"}],"collection":[{"href":"http:\/\/www.parafiakuligow.pl\/index.php\/wp-json\/wp\/v2\/pages"}],"about":[{"href":"http:\/\/www.parafiakuligow.pl\/index.php\/wp-json\/wp\/v2\/types\/page"}],"author":[{"embeddable":true,"href":"http:\/\/www.parafiakuligow.pl\/index.php\/wp-json\/wp\/v2\/users\/1"}],"replies":[{"embeddable":true,"href":"http:\/\/www.parafiakuligow.pl\/index.php\/wp-json\/wp\/v2\/comments?post=21"}],"version-history":[{"count":10,"href":"http:\/\/www.parafiakuligow.pl\/index.php\/wp-json\/wp\/v2\/pages\/21\/revisions"}],"predecessor-version":[{"id":2404,"href":"http:\/\/www.parafiakuligow.pl\/index.php\/wp-json\/wp\/v2\/pages\/21\/revisions\/2404"}],"wp:attachment":[{"href":"http:\/\/www.parafiakuligow.pl\/index.php\/wp-json\/wp\/v2\/media?parent=21"}],"curies":[{"name":"wp","href":"https:\/\/api.w.org\/{rel}","templated":true}]}}