{"id":2,"date":"2015-06-28T09:44:38","date_gmt":"2015-06-28T07:44:38","guid":{"rendered":"http:\/\/www.parafiakuligow.pl\/?page_id=2"},"modified":"2023-08-05T20:53:07","modified_gmt":"2023-08-05T18:53:07","slug":"parafia","status":"publish","type":"page","link":"http:\/\/www.parafiakuligow.pl\/index.php\/parafia\/","title":{"rendered":"Parafia"},"content":{"rendered":"<p>Kiedy w\u00a01849 r. na Mazowszu panowa\u0142a epidemia cholery, mieszka\u0144cy postawili wzd\u0142u\u017c ca\u0142ej wsi 10 pot\u0119\u017cnych krzy\u017cy by chroni\u0142y ich przed \u015bmierci\u0105. Wielopokoleniowy przekaz po\u015bwiadcza, \u017ce gorliwe modlitwy przy krzy\u017cach powstrzyma\u0142y epidemi\u0119, a\u00a0mieszka\u0144cy jako jedyni na tym obszarze zostali ocaleni. Od tego momentu rozpocz\u0105\u0142 si\u0119 piel\u0119gnowany po dzi\u015b zwyczaj obchodzenia tych krzy\u017cy z\u00a0modlitw\u0105. Tradycji tej nie przerwa\u0142a wojna, ani zakazy w\u0142adz komunistycznych.<\/p>\n<p>Wie\u015b Kulig\u00f3w nale\u017ca\u0142a pocz\u0105tkowo do parafii Barcice, potem Popowo w\u00a0Diecezji P\u0142ockiej, nast\u0119pnie do D\u0105br\u00f3wki, a\u00a0w\u00a0latach 1976-2003 do parafii Za\u0142ubice. W\u00a01985 r. proboszczem w\u00a0Za\u0142ubicach zosta\u0142 Ks. kan. Ludwik Antolak, kt\u00f3ry zaproponowa\u0142 odprawiane Mszy \u015aw. w\u00a0Kuligowie w\u00a0sezonie letnim. W\u00a01986 r. na \u0142\u0105ce udost\u0119pnionej przez Remigiusza Kuligowskiego zbudowano ma\u0142\u0105 kaplic\u0119, w\u00a0kt\u00f3rej w\u00a0niedziele od czerwca do wrze\u015bnia odprawiano Msz\u0119 \u015aw. W\u00a01993 r. do kaplicy przyby\u0142 Bp Kazimierz Romaniuk, a\u00a0w\u00a01994 r. odby\u0142o si\u0119 pierwsze bierzmowanie. W\u00a0mieszka\u0144cach ros\u0142o pragnienie w\u0142asnej parafii. W\u00a01996 r., powsta\u0142 Komitet Budowy Ko\u015bcio\u0142a w\u00a0Kuligowie. Dzia\u0142k\u0119 w\u00a0centrum wsi ofiarowali: gmina D\u0105br\u00f3wka (950 m), rodzina Czerwi\u0144skich (Zofia, Alina i\u00a0Tadeusz (319 m) i\u00a0rodzina Mianowskich (Wac\u0142awa i\u00a0W\u0142adys\u0142aw (50 m). Plany przygotowa\u0142 arch. Tadeusz Sta\u0144czak.<\/p>\n<div class=\"\">\n<div style=\"text-align: left;\">\n<p>W sierpniu 1998 r. po\u015bwi\u0119cono fundamenty \u015bwi\u0105tyni i\u00a0wmurowano akt erekcyjny podpisany przez parafian i\u00a0dzia\u0142kowicz\u00f3w. Zim\u0105 Msze \u015aw. odprawiano w\u00a0remizie stra\u017cackiej. Od maja do grudnia 1999 r. wznoszono mury \u015bwi\u0105tyni, Msze \u015aw. sprawowano w\u00a0cz\u0119\u015bci gospodarczej. Tego roku parafian odwiedzi\u0142 Bp Stanis\u0142aw K\u0119dziora, mieli\u015bmy spotkania rekolekcyjne, Pasterk\u0119, a\u00a0nawet chrzest. Pierwsz\u0105 Msz\u0119 \u015aw. w\u00a0niewyko\u0144czonym jeszcze ko\u015bciele odprawi\u0142 Ks. Feliks Chudzik w\u00a0Wielkanoc 2003 r. Pierwsz\u0105 uroczysto\u015b\u0107 odpustow\u0105 24 sierpnia 2003 roku odprawi\u0142 Ks. pra\u0142. Stefan Wysocki. W\u00a0tym czasie mieszka\u0144cy ufundowali o\u015bwietlenie, krzy\u017c procesyjny, baldachim, ambon\u0119, chrzcielnic\u0119, nag\u0142o\u015bnienie, pascha\u0142, lichtarz, r\u00f3\u017caniec procesyjny, chor\u0105giew.<\/p>\n<p>W 2004 r. parafianie zakupili stacje Drogi Krzy\u017cowej autorstwa Tomasz Milla, pomalowano \u015bciany, dobudowano zadaszenie nad wej\u015bciem g\u0142\u00f3wnym oraz zamontowano zwie\u0144czenie wie\u017cy. Wiosn\u0105 2005 r. po\u0142o\u017cono terakot\u0119 i\u00a0zamontowano nowe tabernakulum, w\u00a0prezbiterium zawieszono obraz Oblicza Chrystusa. 21 sierpnia Bp Stanis\u0142aw K\u0119dziora po\u015bwi\u0119ci\u0142 nowe tabernakulum, obraz Matki Bo\u017cej Loreta\u0144skiej i\u00a0kamie\u0144 w\u0119gielny z\u00a0fundament\u00f3w Domu Nazareta\u0144skiego w\u00a0Loreto, na Adwent ustawiono nowe \u0142awki d\u0119bowe.<\/p>\n<p>W 2006 roku zagospodarowano prezbiterium, kolejne ikony namalowa\u0142 Tomasz Mill, ustawiono nowy o\u0142tarz i\u00a0ambon\u0119 z\u00a0trawertynu, miejsce przewodniczenia i\u00a0\u0142awki dla ministrant\u00f3w. Rada Parafialna zakupi\u0142a elektroniczne dzwony (z melodiami). Przed uroczysto\u015bci\u0105 odpustow\u0105 w\u00a0sierpniu 2007 r. zakupiono ostatni\u0105 ikon\u0119 Chrystusa Mi\u0142osiernego oraz konfesjona\u0142 na Adwent. We wrze\u015bniu 2009 r. Ks. Robert Kalisiak rozpocz\u0105\u0142 zagospodarowanie otoczenia ko\u015bcio\u0142a: powsta\u0142y chodniki z\u00a0kostki brukowej, ogrodzenie chroni\u0105ce teren przed zwierz\u0119tami gospodarskimi. 23 sierpnia 2015 Biskup Kazimierz Romaniuk dokona\u0142 konsekracji ko\u015bcio\u0142a. Od 10 lat trwaj\u0105 starania o\u00a0za\u0142o\u017cenie cmentarza parafialnego.<\/p>\n<p>Proboszczowie<br \/>\nKs. Justyn Ziembi\u0144ski 20.06.2003 \u2013 5.07.2009<br \/>\nKs. Robert Kalisiak 5.07.2009 \u2013 1.07.2015<br \/>\nKs. Zbigniew Kloch od \u00a01.07.2015 &#8211; 1.07.2017<br \/>\nKs. Piotr Milewski od 1.07.2017 &#8211; 30.08.2018 (Administrator) od 1.09.2018 &#8211; 31.07.2023 (Proboszcz)<br \/>\nKs. J\u00f3zef Ka\u0142\u0119cki od 1.08.2023<\/p>\n<\/div>\n<div style=\"text-align: left;\"><\/div>\n<div style=\"text-align: left;\">Odno\u015bniki:<\/div>\n<ul>\n<li style=\"text-align: left;\"><a href=\"http:\/\/www.parafiakuligow.pl\/index.php\/galerie\/\" target=\"_blank\" rel=\"noopener\">Galeria fotografii Parafii Kulig\u00f3w<\/a><\/li>\n<li style=\"text-align: left;\"><a href=\"http:\/\/www.parafiakuligow.pl\/index.php\/sluzba-boza\/\" target=\"_blank\" rel=\"noopener\">S\u0142u\u017cba Bo\u017ca<\/a><\/li>\n<li style=\"text-align: left;\"><a href=\"http:\/\/www.parafiakuligow.pl\/index.php\/mosty\/\" target=\"_blank\" rel=\"noopener\">Polecane serwisy www<\/a><\/li>\n<li style=\"text-align: left;\"><a href=\"http:\/\/www.parafiakuligow.pl\/index.php\/kontakt\/\" target=\"_blank\" rel=\"noopener\">Kontakt<\/a><\/li>\n<li style=\"text-align: left;\"><a href=\"http:\/\/www.parafiakuligow.pl\/index.php\/2016\/\" target=\"_blank\" rel=\"noopener\">Aktualno\u015bci 2016<\/a><\/li>\n<\/ul>\n<\/div>\n","protected":false},"excerpt":{"rendered":"<p>Kiedy w\u00a01849 r. na Mazowszu panowa\u0142a epidemia cholery, mieszka\u0144cy postawili wzd\u0142u\u017c ca\u0142ej wsi 10 pot\u0119\u017cnych krzy\u017cy by chroni\u0142y ich przed \u015bmierci\u0105. Wielopokoleniowy przekaz po\u015bwiadcza, \u017ce gorliwe modlitwy przy krzy\u017cach powstrzyma\u0142y epidemi\u0119, a\u00a0mieszka\u0144cy jako jedyni na tym obszarze zostali ocaleni. Od tego momentu rozpocz\u0105\u0142 si\u0119 piel\u0119gnowany po dzi\u015b zwyczaj obchodzenia tych [&hellip;]<\/p>\n","protected":false},"author":1,"featured_media":0,"parent":0,"menu_order":0,"comment_status":"closed","ping_status":"closed","template":"","meta":[],"_links":{"self":[{"href":"http:\/\/www.parafiakuligow.pl\/index.php\/wp-json\/wp\/v2\/pages\/2"}],"collection":[{"href":"http:\/\/www.parafiakuligow.pl\/index.php\/wp-json\/wp\/v2\/pages"}],"about":[{"href":"http:\/\/www.parafiakuligow.pl\/index.php\/wp-json\/wp\/v2\/types\/page"}],"author":[{"embeddable":true,"href":"http:\/\/www.parafiakuligow.pl\/index.php\/wp-json\/wp\/v2\/users\/1"}],"replies":[{"embeddable":true,"href":"http:\/\/www.parafiakuligow.pl\/index.php\/wp-json\/wp\/v2\/comments?post=2"}],"version-history":[{"count":19,"href":"http:\/\/www.parafiakuligow.pl\/index.php\/wp-json\/wp\/v2\/pages\/2\/revisions"}],"predecessor-version":[{"id":2401,"href":"http:\/\/www.parafiakuligow.pl\/index.php\/wp-json\/wp\/v2\/pages\/2\/revisions\/2401"}],"wp:attachment":[{"href":"http:\/\/www.parafiakuligow.pl\/index.php\/wp-json\/wp\/v2\/media?parent=2"}],"curies":[{"name":"wp","href":"https:\/\/api.w.org\/{rel}","templated":true}]}}